{"id":4271,"date":"2026-02-03T09:32:12","date_gmt":"2026-02-03T08:32:12","guid":{"rendered":"https:\/\/www.patrizialaquidara.it\/official\/?post_type=product&#038;p=4271"},"modified":"2026-03-15T15:08:51","modified_gmt":"2026-03-15T14:08:51","slug":"florula-vinile-edizione-limitata","status":"publish","type":"product","link":"https:\/\/www.patrizialaquidara.it\/official\/prodotto\/florula-vinile-edizione-limitata\/","title":{"rendered":"Fl\u00f2rula &#8211; vinile edizione limitata"},"content":{"rendered":"<p>Produzione esecutiva<br \/>\nPatrizia Laquidara &#8211; Luna Nordestina<\/p>\n<p>Produzione artistica<br \/>\nEdoardo Piccolo e Patrizia Laquidara<\/p>\n<p>Musicisti<br \/>\nPatrizia Laquidara &#8211; voce, cori, palmas<br \/>\nEdoardo Piccolo &#8211; sintetizzatori, programmazione ritmica, autoharp [A04, BO3], Philicorda [A03, BO1]. cori [A04, BO1], palmas<br \/>\nDaniele Santimone &#8211; chitarra elettrica, acustica e classica 7 corde, cori [BO1]<br \/>\nStefano Dallaporta &#8211; basso elettrico<br \/>\nPuccio Castrogiovanni &#8211; marranzano, cuatro, mandolini, tamburelli [AO1, A02, BO1]<br \/>\nCl\u00e9cio Santos e Fernando Silva &#8211; pandeiro, ag\u00f2g\u00f2, surdo, caxixi, ab\u00e0, ganz\u00e0, tambor, sanghiba, maracas, repique, recorec, palmas, caixa<br \/>\nDario Ponara &#8211; vibrafono [B02]<\/p>\n<p>Cori<br \/>\nSilvia Girotto, Patrizia Laquidara, Katy Marcante, Elisa Sperotto [A01, A04, BO3]<\/p>\n<p>Quartetto d&#8217;archi [B04]<br \/>\nViolino primo: Massimiliano Tieppo<br \/>\nViolino secondo: Alessia Turri<br \/>\nViola: Michele Sguotti<br \/>\nVioloncello: Simone Tieppo<\/p>\n<p>Registrato nello studio The Basement Recording Studio di Federico Pelle dal 13 al 19 agosto 202<br \/>\nQuartetto d&#8217;archi registrato a Sotto il Mare Recording Studios Vibrafono registrato presso Aproblema Studio<\/p>\n<p>Mixato da Edoardo Piccolo presso Tiglio Siamese Studio<br \/>\nMasterizzato da J\u00e9r\u00e9my Henry a La Villa Mastering Studio<\/p>\n<p>Idea grafica di copertina: Paolo Zampese<br \/>\nFoto di copertina: Michele Piazza<\/p>\n","protected":false},"excerpt":{"rendered":"<p>Vinile dell&#8217;album &#8220;Fl\u00f2rula&#8221;<\/p>\n<p>album completo, 8 tracce<\/p>\n<p><em>Che cosa sono i fiori?<\/em><br \/>\nSe lo chiede Mariangela Gualtieri in una sua poesia: non senti in loro come una vittoria?<br \/>\nla forza di chi torna da un altro mondo e canta la visione.<\/p>\n<p>Forse ce lo siamo chiesti tutti, almeno una volta: da dove arrivano queste creature fragilissime e coraggiose, capaci di aprirsi al cielo senza chiedere nulla in cambio?<br \/>\nCos\u2019\u00e8 che racconta l\u2019arresa e la fiducia pi\u00f9 del fiorire? Cos\u2019\u00e8 che racconta il coraggio e la resistenza pi\u00f9 di un fiore che, pur tra i pi\u00f9 fragili sulla terra, senza difesa si apre e mostra come sia possibile, in questo mondo, non volere nulla in cambio, non desiderare altro che essere ci\u00f2 che si \u00e8?<\/p>\n<p><strong>Fl\u00f2rula<\/strong> non nasce dai fiori.<br \/>\nIl disco nasce prima, dalle pagine di un libro che poi diventano canzoni. Da questo immaginario nasce invece l\u2019idea delle edizioni limitate. Ho immaginato che alcune canzoni potessero avere accanto un fiore, come un segno visivo e simbolico, legato a figure femminili, a racconti, a presenze.<\/p>\n<p>Nascono cos\u00ec tre fiori, ognuno abbinato a una canzone: una margherita per <em>La Bambina<\/em>, un fico d&#8217;india per <em>Anna<\/em>, un gelsomino per <em>Nuova luce<\/em><\/p>\n<p>Questi fiori prendono forma attraverso dei disegni stampati su carta.<br \/>\nOgni fiore racconta una storia.<\/p>\n<p><em>Il vinile in edizione limitata comprende <\/em><em>stampa disegno realizzato da Patrizia Laquidara, <\/em><em>con commenti scritti dell&#8217;artista.<\/em><\/p>\n<p>Un disco da ascoltare, ma anche da toccare, da appendere, da incorniciare, da leggere.<br \/>\nUn fiore che racconta una canzone, una storia, una persona.<\/p>\n<p><strong>Copie disponibili edizione limitata: 30<\/strong><\/p>\n","protected":false},"featured_media":4260,"template":"","meta":[],"class_list":{"0":"post-4271","1":"product","2":"type-product","3":"status-publish","4":"has-post-thumbnail","6":"product_cat-senza-categoria","7":"product_shipping_class-vinili","9":"first","10":"outofstock","11":"shipping-taxable","12":"purchasable","13":"product-type-simple"},"_links":{"self":[{"href":"https:\/\/www.patrizialaquidara.it\/official\/wp-json\/wp\/v2\/product\/4271","targetHints":{"allow":["GET"]}}],"collection":[{"href":"https:\/\/www.patrizialaquidara.it\/official\/wp-json\/wp\/v2\/product"}],"about":[{"href":"https:\/\/www.patrizialaquidara.it\/official\/wp-json\/wp\/v2\/types\/product"}],"wp:featuredmedia":[{"embeddable":true,"href":"https:\/\/www.patrizialaquidara.it\/official\/wp-json\/wp\/v2\/media\/4260"}],"wp:attachment":[{"href":"https:\/\/www.patrizialaquidara.it\/official\/wp-json\/wp\/v2\/media?parent=4271"}],"curies":[{"name":"wp","href":"https:\/\/api.w.org\/{rel}","templated":true}]}}